{"id":2,"date":"2020-10-14T09:29:33","date_gmt":"2020-10-14T09:29:33","guid":{"rendered":"https:\/\/annamaria-bort.de\/?page_id=2"},"modified":"2020-10-14T12:48:01","modified_gmt":"2020-10-14T12:48:01","slug":"willkommen","status":"publish","type":"page","link":"https:\/\/annamaria-bort.de\/","title":{"rendered":"Annamaria Bort"},"content":{"rendered":"\n<h2 class=\"has-accent-color has-text-color has-large-font-size\"><strong>IHRE&nbsp;DOLMETSCHERIN \/ \u00dcBERSETZERIN&nbsp;F\u00dcR&nbsp;ITALIENISCH&nbsp;\/ DEUTSCH<\/strong><\/h2>\n\n\n\n<ul><li><a href=\"https:\/\/annamaria-bort.de\/index.php\/qualifikationen\/\" data-type=\"page\" data-id=\"7\"><strong>IHK-Gepr\u00fcft<\/strong><\/a>, staatlich anerkannt<\/li><li><a href=\"https:\/\/annamaria-bort.de\/index.php\/qualifikationen\/\" data-type=\"page\" data-id=\"7\"><strong>Erm\u00e4chtigt<\/strong><\/a>&nbsp;durch das Oberlandesgericht D\u00fcsseldorf als&nbsp;<strong>\u00dcbersetzerin<\/strong><\/li><li><a href=\"https:\/\/annamaria-bort.de\/index.php\/qualifikationen\/\" data-type=\"page\" data-id=\"7\"><strong>Allgemein beeidigt<\/strong><\/a>&nbsp;durch Landgericht Krefeld als&nbsp;<strong>Dolmetscherin<\/strong><\/li><\/ul>\n\n\n\n<div style=\"height:50px\" aria-hidden=\"true\" class=\"wp-block-spacer\"><\/div>\n\n\n\n<p class=\"has-drop-cap\">Ihre Dolmetscherin f\u00fcr<strong>&nbsp;ITALIENISCH<\/strong>&nbsp;&nbsp;und&nbsp;<strong>DEUTSCH<\/strong>&nbsp;<strong>f\u00fcr Konsekutiv-, Simultan- sowie Fl\u00fcsterdolmetschen und Verhandlungsdolmetschen<\/strong>&nbsp;und Ihre \u00dcbersetzerin f\u00fcr Italienisch und Deutsch auch f\u00fcr&nbsp;<strong><a href=\"https:\/\/annamaria-bort.de\/index.php\/qualifikationen\/\">beglaubigte \u00dcbersetzungen<\/a><\/strong>&nbsp;jeder Art hei\u00dft Sie herzlich willkommen!<\/p>\n\n\n\n<p>Sie suchen eine&nbsp;<strong>qualifizierte Dolmetscherin<\/strong>&nbsp;f\u00fcr&nbsp;<\/p>\n\n\n\n<ul><li>Gespr\u00e4che mit Ihren Kunden&nbsp;<\/li><li>Notartermine<\/li><li>Gerichtsverhandlungen&nbsp;<\/li><li>Kontaktaufnahme mit \u00f6ffentlichen Einrichtungen<\/li><li>Anmeldungen bei Beh\u00f6rden oder Banken<\/li><li>Vortr\u00e4ge oder Tagungen?<\/li><\/ul>\n\n\n\n<p>Sie ben\u00f6tigen fachlich&nbsp;<strong>qualifizierte und eventuell beglaubigte \u00dcbersetzungen<\/strong>&nbsp;von amtlichen Dokumenten, z.B. f\u00fcr<\/p>\n\n\n\n<ul><li>gerichtliche Urkunden<\/li><li>Vertr\u00e4ge aller Art<\/li><li>Rechtsanwaltsschreiben<\/li><li>schulische oder Universit\u00e4ts-Zeugnisse<\/li><li>standesamtliche Urkunden oder Privaturkunden<\/li><li>medizinische Gutachten&nbsp;<\/li><\/ul>\n\n\n\n<p>Ich biete Ihnen einen professionellen Dolmetscher\/\u00dcbersetzungs-Service \u2013 individuell auf Ihre Anspr\u00fcche angepasst, schnell, flexibel, kompetent und&nbsp;<strong><a href=\"https:\/\/annamaria-bort.de\/index.php\/leistungen\/\">zu fairen Preisen<\/a><\/strong>.<br><br><strong>Beglaubigungen<br><\/strong>Als erm\u00e4chtigte \u00dcbersetzerin bin ich au\u00dferdem befugt, meine&nbsp;<a href=\"https:\/\/annamaria-bort.de\/index.php\/qualifikationen\/\"><strong>\u00dcbersetzungen zu&nbsp;beglaubigen<\/strong><\/a>, sodass diese \u00fcberall in Deutschland und in Italien offiziell anerkannt werden.<br><br>Es ist selbstverst\u00e4ndlich, dass zu meiner Arbeitsweise neben fachlicher Kompetenz, Zuverl\u00e4ssigkeit, P\u00fcnktlichkeit auch&nbsp;<strong>absolute Verschwiegenheit<\/strong>&nbsp;geh\u00f6rt.<br><br><strong>Zu guter Letzt:<\/strong><\/p>\n\n\n\n<p>Dolmetschen und \u00dcbersetzen bedeutet die \u201e<strong>\u00dcbertragung von Inhalten<\/strong>\u201c und nicht nur die \u201e\u00dcbersetzung von Worten\u201c, die Verst\u00e4ndigung zwischen zwei unterschiedlichen Situationen, zwischen zwei Kulturen, zwei Mentalit\u00e4ten, zwei Welten zu erm\u00f6glichen.<br><br>Dies sehe ich als meine wahre Aufgabe und als mein berufliches Ziel, denn, unabh\u00e4ngig von den konkreten Umst\u00e4nden und Inhalten, geht es hier immer um eine \u2013 verbale oder schriftliche \u2013 Kommunikation zwischen Menschen aus zwei verschiedenen L\u00e4ndern, die nicht nur zwei verschiedene Sprachen haben, sondern aus zwei verschiedenen Ausgangssituationen kommen.<br><br>Und das ist der Grund, weswegen ich meine Arbeit liebe und sie mit vollem Einsatz angehe, und nicht zuletzt der Grund f\u00fcr&nbsp;<a href=\"https:\/\/annamaria-bort.de\/index.php\/referenzen\/\"><strong>meinen&nbsp;beruflichen Erfolg<\/strong><\/a>.<\/p>\n","protected":false},"excerpt":{"rendered":"<p>IHRE&nbsp;DOLMETSCHERIN \/ \u00dcBERSETZERIN&nbsp;F\u00dcR&nbsp;ITALIENISCH&nbsp;\/ DEUTSCH IHK-Gepr\u00fcft, staatlich anerkannt Erm\u00e4chtigt&nbsp;durch das Oberlandesgericht D\u00fcsseldorf als&nbsp;\u00dcbersetzerin Allgemein beeidigt&nbsp;durch Landgericht Krefeld als&nbsp;Dolmetscherin Ihre Dolmetscherin f\u00fcr&nbsp;ITALIENISCH&nbsp;&nbsp;und&nbsp;DEUTSCH&nbsp;f\u00fcr Konsekutiv-, Simultan- sowie Fl\u00fcsterdolmetschen und Verhandlungsdolmetschen&nbsp;und Ihre \u00dcbersetzerin f\u00fcr Italienisch und Deutsch auch f\u00fcr&nbsp;beglaubigte \u00dcbersetzungen&nbsp;jeder Art hei\u00dft Sie herzlich willkommen! Sie suchen eine&nbsp;qualifizierte Dolmetscherin&nbsp;f\u00fcr&nbsp; Gespr\u00e4che mit Ihren Kunden&nbsp; Notartermine Gerichtsverhandlungen&nbsp; Kontaktaufnahme mit \u00f6ffentlichen Einrichtungen Anmeldungen [&hellip;]<\/p>\n","protected":false},"author":1,"featured_media":18,"parent":0,"menu_order":0,"comment_status":"closed","ping_status":"closed","template":"templates\/template-cover.php","meta":[],"yoast_head":"<!-- This site is optimized with the Yoast SEO plugin v19.5.1 - https:\/\/yoast.com\/wordpress\/plugins\/seo\/ -->\n<title>Annamaria Bort - ANNAMARIA BORT<\/title>\n<meta name=\"robots\" content=\"index, follow, max-snippet:-1, max-image-preview:large, max-video-preview:-1\" \/>\n<link rel=\"canonical\" href=\"https:\/\/annamaria-bort.de\/\" \/>\n<meta property=\"og:locale\" content=\"de_DE\" \/>\n<meta property=\"og:type\" content=\"article\" \/>\n<meta property=\"og:title\" content=\"Annamaria Bort - ANNAMARIA BORT\" \/>\n<meta property=\"og:description\" content=\"IHRE&nbsp;DOLMETSCHERIN \/ \u00dcBERSETZERIN&nbsp;F\u00dcR&nbsp;ITALIENISCH&nbsp;\/ DEUTSCH IHK-Gepr\u00fcft, staatlich anerkannt Erm\u00e4chtigt&nbsp;durch das Oberlandesgericht D\u00fcsseldorf als&nbsp;\u00dcbersetzerin Allgemein beeidigt&nbsp;durch Landgericht Krefeld als&nbsp;Dolmetscherin Ihre Dolmetscherin f\u00fcr&nbsp;ITALIENISCH&nbsp;&nbsp;und&nbsp;DEUTSCH&nbsp;f\u00fcr Konsekutiv-, Simultan- sowie Fl\u00fcsterdolmetschen und Verhandlungsdolmetschen&nbsp;und Ihre \u00dcbersetzerin f\u00fcr Italienisch und Deutsch auch f\u00fcr&nbsp;beglaubigte \u00dcbersetzungen&nbsp;jeder Art hei\u00dft Sie herzlich willkommen! Sie suchen eine&nbsp;qualifizierte Dolmetscherin&nbsp;f\u00fcr&nbsp; Gespr\u00e4che mit Ihren Kunden&nbsp; Notartermine Gerichtsverhandlungen&nbsp; Kontaktaufnahme mit \u00f6ffentlichen Einrichtungen Anmeldungen [&hellip;]\" \/>\n<meta property=\"og:url\" content=\"https:\/\/annamaria-bort.de\/\" \/>\n<meta property=\"og:site_name\" content=\"ANNAMARIA BORT\" \/>\n<meta property=\"article:modified_time\" content=\"2020-10-14T12:48:01+00:00\" \/>\n<meta property=\"og:image\" content=\"https:\/\/annamaria-bort.de\/wp-content\/uploads\/2020\/10\/AnnamariaBort.jpg\" \/>\n\t<meta property=\"og:image:width\" content=\"1920\" \/>\n\t<meta property=\"og:image:height\" content=\"1280\" \/>\n\t<meta property=\"og:image:type\" content=\"image\/jpeg\" \/>\n<meta name=\"twitter:card\" content=\"summary_large_image\" \/>\n<meta name=\"twitter:label1\" content=\"Gesch\u00e4tzte Lesezeit\" \/>\n\t<meta name=\"twitter:data1\" content=\"2\u00a0Minuten\" \/>\n<script type=\"application\/ld+json\" class=\"yoast-schema-graph\">{\"@context\":\"https:\/\/schema.org\",\"@graph\":[{\"@type\":\"WebPage\",\"@id\":\"https:\/\/annamaria-bort.de\/\",\"url\":\"https:\/\/annamaria-bort.de\/\",\"name\":\"Annamaria Bort - ANNAMARIA BORT\",\"isPartOf\":{\"@id\":\"https:\/\/annamaria-bort.de\/#website\"},\"datePublished\":\"2020-10-14T09:29:33+00:00\",\"dateModified\":\"2020-10-14T12:48:01+00:00\",\"breadcrumb\":{\"@id\":\"https:\/\/annamaria-bort.de\/#breadcrumb\"},\"inLanguage\":\"de\",\"potentialAction\":[{\"@type\":\"ReadAction\",\"target\":[\"https:\/\/annamaria-bort.de\/\"]}]},{\"@type\":\"BreadcrumbList\",\"@id\":\"https:\/\/annamaria-bort.de\/#breadcrumb\",\"itemListElement\":[{\"@type\":\"ListItem\",\"position\":1,\"name\":\"Startseite\",\"item\":\"https:\/\/annamaria-bort.de\/\"},{\"@type\":\"ListItem\",\"position\":2,\"name\":\"Annamaria Bort\"}]},{\"@type\":\"WebSite\",\"@id\":\"https:\/\/annamaria-bort.de\/#website\",\"url\":\"https:\/\/annamaria-bort.de\/\",\"name\":\"Annamaria Bort\",\"description\":\"Dolmetscherin \/ \u00dcbersetzerin\",\"potentialAction\":[{\"@type\":\"SearchAction\",\"target\":{\"@type\":\"EntryPoint\",\"urlTemplate\":\"https:\/\/annamaria-bort.de\/?s={search_term_string}\"},\"query-input\":\"required name=search_term_string\"}],\"inLanguage\":\"de\"}]}<\/script>\n<!-- \/ Yoast SEO plugin. -->","yoast_head_json":{"title":"Annamaria Bort - ANNAMARIA BORT","robots":{"index":"index","follow":"follow","max-snippet":"max-snippet:-1","max-image-preview":"max-image-preview:large","max-video-preview":"max-video-preview:-1"},"canonical":"https:\/\/annamaria-bort.de\/","og_locale":"de_DE","og_type":"article","og_title":"Annamaria Bort - ANNAMARIA BORT","og_description":"IHRE&nbsp;DOLMETSCHERIN \/ \u00dcBERSETZERIN&nbsp;F\u00dcR&nbsp;ITALIENISCH&nbsp;\/ DEUTSCH IHK-Gepr\u00fcft, staatlich anerkannt Erm\u00e4chtigt&nbsp;durch das Oberlandesgericht D\u00fcsseldorf als&nbsp;\u00dcbersetzerin Allgemein beeidigt&nbsp;durch Landgericht Krefeld als&nbsp;Dolmetscherin Ihre Dolmetscherin f\u00fcr&nbsp;ITALIENISCH&nbsp;&nbsp;und&nbsp;DEUTSCH&nbsp;f\u00fcr Konsekutiv-, Simultan- sowie Fl\u00fcsterdolmetschen und Verhandlungsdolmetschen&nbsp;und Ihre \u00dcbersetzerin f\u00fcr Italienisch und Deutsch auch f\u00fcr&nbsp;beglaubigte \u00dcbersetzungen&nbsp;jeder Art hei\u00dft Sie herzlich willkommen! Sie suchen eine&nbsp;qualifizierte Dolmetscherin&nbsp;f\u00fcr&nbsp; Gespr\u00e4che mit Ihren Kunden&nbsp; Notartermine Gerichtsverhandlungen&nbsp; Kontaktaufnahme mit \u00f6ffentlichen Einrichtungen Anmeldungen [&hellip;]","og_url":"https:\/\/annamaria-bort.de\/","og_site_name":"ANNAMARIA BORT","article_modified_time":"2020-10-14T12:48:01+00:00","og_image":[{"width":1920,"height":1280,"url":"https:\/\/annamaria-bort.de\/wp-content\/uploads\/2020\/10\/AnnamariaBort.jpg","type":"image\/jpeg"}],"twitter_card":"summary_large_image","twitter_misc":{"Gesch\u00e4tzte Lesezeit":"2\u00a0Minuten"},"schema":{"@context":"https:\/\/schema.org","@graph":[{"@type":"WebPage","@id":"https:\/\/annamaria-bort.de\/","url":"https:\/\/annamaria-bort.de\/","name":"Annamaria Bort - ANNAMARIA BORT","isPartOf":{"@id":"https:\/\/annamaria-bort.de\/#website"},"datePublished":"2020-10-14T09:29:33+00:00","dateModified":"2020-10-14T12:48:01+00:00","breadcrumb":{"@id":"https:\/\/annamaria-bort.de\/#breadcrumb"},"inLanguage":"de","potentialAction":[{"@type":"ReadAction","target":["https:\/\/annamaria-bort.de\/"]}]},{"@type":"BreadcrumbList","@id":"https:\/\/annamaria-bort.de\/#breadcrumb","itemListElement":[{"@type":"ListItem","position":1,"name":"Startseite","item":"https:\/\/annamaria-bort.de\/"},{"@type":"ListItem","position":2,"name":"Annamaria Bort"}]},{"@type":"WebSite","@id":"https:\/\/annamaria-bort.de\/#website","url":"https:\/\/annamaria-bort.de\/","name":"Annamaria Bort","description":"Dolmetscherin \/ \u00dcbersetzerin","potentialAction":[{"@type":"SearchAction","target":{"@type":"EntryPoint","urlTemplate":"https:\/\/annamaria-bort.de\/?s={search_term_string}"},"query-input":"required name=search_term_string"}],"inLanguage":"de"}]}},"_links":{"self":[{"href":"https:\/\/annamaria-bort.de\/index.php\/wp-json\/wp\/v2\/pages\/2"}],"collection":[{"href":"https:\/\/annamaria-bort.de\/index.php\/wp-json\/wp\/v2\/pages"}],"about":[{"href":"https:\/\/annamaria-bort.de\/index.php\/wp-json\/wp\/v2\/types\/page"}],"author":[{"embeddable":true,"href":"https:\/\/annamaria-bort.de\/index.php\/wp-json\/wp\/v2\/users\/1"}],"replies":[{"embeddable":true,"href":"https:\/\/annamaria-bort.de\/index.php\/wp-json\/wp\/v2\/comments?post=2"}],"version-history":[{"count":17,"href":"https:\/\/annamaria-bort.de\/index.php\/wp-json\/wp\/v2\/pages\/2\/revisions"}],"predecessor-version":[{"id":111,"href":"https:\/\/annamaria-bort.de\/index.php\/wp-json\/wp\/v2\/pages\/2\/revisions\/111"}],"wp:featuredmedia":[{"embeddable":true,"href":"https:\/\/annamaria-bort.de\/index.php\/wp-json\/wp\/v2\/media\/18"}],"wp:attachment":[{"href":"https:\/\/annamaria-bort.de\/index.php\/wp-json\/wp\/v2\/media?parent=2"}],"curies":[{"name":"wp","href":"https:\/\/api.w.org\/{rel}","templated":true}]}}